{"id":3712,"date":"2017-09-13T16:56:54","date_gmt":"2017-09-13T14:56:54","guid":{"rendered":"https:\/\/panforum.marketing-basmer.de\/ausstellungen-im-rueckblick\/"},"modified":"2017-10-02T13:46:49","modified_gmt":"2017-10-02T11:46:49","slug":"exhibitions-in-retrospect","status":"publish","type":"page","link":"https:\/\/pan-forum.de\/en\/exhibitions-in-retrospect\/","title":{"rendered":"Exhibitions in retrospect"},"content":{"rendered":"HIER BITTE H\u00d6CHSTENS DAS TITELBILD UND DEN UNTERTITEL VER\u00c4NDERN!!!","protected":false},"excerpt":{"rendered":"HIER BITTE H\u00d6CHSTENS DAS TITELBILD UND DEN UNTERTITEL VER\u00c4NDERN!!!","protected":false},"author":1,"featured_media":0,"parent":0,"menu_order":99999,"comment_status":"closed","ping_status":"closed","template":"page-ausstellung.php","meta":[],"acf":[],"_links":{"self":[{"href":"https:\/\/pan-forum.de\/en\/wp-json\/wp\/v2\/pages\/3712"}],"collection":[{"href":"https:\/\/pan-forum.de\/en\/wp-json\/wp\/v2\/pages"}],"about":[{"href":"https:\/\/pan-forum.de\/en\/wp-json\/wp\/v2\/types\/page"}],"author":[{"embeddable":true,"href":"https:\/\/pan-forum.de\/en\/wp-json\/wp\/v2\/users\/1"}],"replies":[{"embeddable":true,"href":"https:\/\/pan-forum.de\/en\/wp-json\/wp\/v2\/comments?post=3712"}],"version-history":[{"count":0,"href":"https:\/\/pan-forum.de\/en\/wp-json\/wp\/v2\/pages\/3712\/revisions"}],"wp:attachment":[{"href":"https:\/\/pan-forum.de\/en\/wp-json\/wp\/v2\/media?parent=3712"}],"curies":[{"name":"wp","href":"https:\/\/api.w.org\/{rel}","templated":true}]}}