{"id":4330,"date":"2017-06-13T15:04:20","date_gmt":"2017-06-13T13:04:20","guid":{"rendered":"https:\/\/panforum.marketing-basmer.de\/?page_id=4330\/"},"modified":"2017-10-04T15:19:33","modified_gmt":"2017-10-04T13:19:33","slug":"imprint","status":"publish","type":"page","link":"https:\/\/pan-forum.de\/en\/imprint\/","title":{"rendered":"Imprint"},"content":{"rendered":"<h4>PAN kunstforum niederrhein e.V.<\/h4>\r\n<p class=\"agb\"><strong>F\u00f6rderverein PAN kunstforum niederrhein e.V.<\/strong><br \/>\r\n Agnetenstra\u00dfe 2<br \/>\r\n GER &#8211; 46446 Emmerich am Rhein<\/p>\r\n<div class=\"row agb\">\r\n<div class=\"col-md-2 col-sm-4 col-xs-3\">\r\n<p><strong>Telephone:<\/strong><br \/>\r\n <strong>Telefax:<\/strong><\/p>\r\n<\/div>\r\n<div class=\"col-md-4 col-sm-6 col-xs-9\">\r\n<p><a title=\"Call the PANforum\" href=\"tel:+4928225370110\">+49 (0) 28 22 &#8211; 53 701 &#8211; 10<\/a><br \/>\r\n <a title=\"Send a fax to the PANforum\" href=\"tel:+4928225370122\">+49 (0) 28 22 \u2013 53 701 \u2013 22<\/a><\/p>\r\n<\/div>\r\n<\/div>\r\n<div class=\"row agb\">\r\n<div class=\"col-md-2 col-sm-4 col-xs-3\">\r\n<p><strong>Email:<\/strong><br \/>\r\n <strong>URL:<\/strong><\/p>\r\n<\/div>\r\n<div class=\"col-md-4 col-sm-6 col-xs-9\">\r\n<p>info@pan-forum.de<br \/>\r\n <a title=\"To the website of PAN kunstforum niederrhein e.V\" href=\"http:\/\/pan-forum.de\">www.pan-forum.de<\/a><\/p>\r\n<\/div>\r\n<\/div>\r\n<div class=\"row agb\">\r\n<div class=\"col-md-2 col-sm-4 col-xs-5\">\r\n<p><strong>Registergericht:<\/strong><br \/>\r\n <strong>Registernumber:<\/strong><br \/>\r\n <strong>USt.-IdNr.:<\/strong><\/p>\r\n<\/div>\r\n<div class=\"col-md-4 col-sm-6 col-xs-7\">\r\n<p>Amtsgericht Kleve<br \/>\r\n 10 393<br \/>\r\n DE 206233840<\/p>\r\n<\/div>\r\n<\/div>\r\n<h4>Legal Representation<\/h4>\r\n<p class=\"agb\"><strong>Reimund Sluyterman v. L.<\/strong><br \/>\r\n <em>Director<\/em><br \/>\r\n c\/o Im Zollhafen 24<br \/>\r\n D-50678 K\u00f6ln<\/p>\r\n<div class=\"row agb\">\r\n<div class=\"col-md-2 col-sm-4 col-xs-3\">\r\n<p><strong>Telephone:<\/strong><br \/>\r\n <strong>Telefax:<\/strong><\/p>\r\n<\/div>\r\n<div class=\"col-md-4 col-sm-6 col-xs-9\">\r\n<p><a title=\"Call the director of PAN kunstforum niederrhein e.V.\" href=\"tel:+4922165078416\">+49 (0) 2 21 \u2013 650 78 416<\/a><br \/>\r\n <a title=\"Send a fax to the director of PAN kunstforum niederrhein e.V.\" href=\"tel:+4922165078453\">+49 (0) 2 21 &#8211; 650 78 453<\/a><\/p>\r\n<\/div>\r\n<\/div>\r\n<div class=\"row agb\">\r\n<div class=\"col-md-2 col-sm-4 col-xs-3\">\r\n<p><strong>Email:<\/strong><\/p>\r\n<\/div>\r\n<div class=\"col-md-4 col-sm-6 col-xs-9\">\r\n<p>rsl@stb-sluyterman.de<\/p>\r\n<\/div>\r\n<\/div>\r\n<h4>Artistic director\/external contacts<\/h4>\r\n<p class=\"agb\"><strong>Christiane van Haaren M.A.<\/strong><\/p>\r\n<div class=\"row agb\">\r\n<div class=\"col-md-2 col-sm-4 col-xs-3\">\r\n<p><strong>Telephone:<\/strong><\/p>\r\n<\/div>\r\n<div class=\"col-md-4 col-sm-6 col-xs-9\">\r\n<p><a title=\"Call the director of PAN kunstforum niederrhein e.V.\" href=\"tel:+4928225370112\">+49 (0) 28 22 \u2013 53 701 \u2013 12<\/a><\/p>\r\n<\/div>\r\n<\/div>\r\n<h4>Responsible for content according to \u00a755 Abs. 2 RStV<\/h4>\r\n<p class=\"agb\"><strong>Reimund Sluyterman v. L.<\/strong><br \/>\r\n <em>Director<\/em><br \/>\r\n Contact details: see above<\/p>\r\n<h4>Design, Konzeption &amp; Entwicklung<\/h4>\r\n<p class=\"agb\">MARKE(T)ing Basmer<br \/>\r\n Karolingerstra\u00dfe 13a<br \/>\r\n DE &#8211; 47533 Kleve<\/p>\r\n<div class=\"row agb\">\r\n<div class=\"col-md-2 col-sm-4 col-xs-3\">\r\n<p><strong>Email:<\/strong><br \/>\r\n <strong>URL:<\/strong><\/p>\r\n<\/div>\r\n<div class=\"col-md-4 col-sm-6 col-xs-9\">\r\n<p>info@marketing-basmer.de<br \/>\r\n <a title=\"To the website of Marketing Basmer\" href=\"https:\/\/marketing-basmer.de\">www.marketing-basmer.de<\/a><\/p>\r\n<\/div>\r\n<\/div>\r\n<div class=\"clearfix\">\u00a0<\/div>\r\n<div class=\"container white mbottom\">\r\n<h3>Disclaimer<\/h3>\r\n<h4>1. Online content<\/h4>\r\n<p class=\"agb\">The author is not responsible for the timeliness, correctness, completeness or quality of the information provided. Liability claims against the author regarding material or non-material damages caused by the use or non-use of any information provided, or by the use of incorrect and incomplete information, are therefore generally excluded, in the absence of any proven intentional or grossly negligent fault by the author. All offers are subject to change and non-binding. The author reserves the right to change, add to or delete parts of the pages or the entire website or to cease publication temporarily or permanently without special notice.<\/p>\r\n<h4>2. Referrals and links<\/h4>\r\n<p class=\"agb\">Bei direkten oder indirekten Verweisen auf fremde Webseiten (Hyperlinks), die au\u00dferhalb des Verantwortungsbereiches des Autors liegen, w\u00fcrde eine Haftungsverpflichtung ausschlie\u00dflich in dem Fall in Kraft treten, in dem der Autor von den Inhalten Kenntnis hat und es ihm technisch m\u00f6glich und zumutbar w\u00e4re, die Nutzung im Falle rechtswidriger Inhalte zu verhindern.<\/p>\r\n<p class=\"agb\">The author is not responsible for any third-party websites linked or referred to directly or indirectly (\u2018hyperlinks\u2019), unless he had full knowledge of the content and would be technically and reasonably able to prevent the use of illegal content. The author confirms that at the time of placing the links no illegal content was discernable on the linked pages. The author has no influence on the current and future design, content or authorship of the linked pages. He therefore explicitly distances himself from all content on all linked pages which were changed after placing the links. This applies to all links and referrals within the present website as well as to third-party entries in guest books, discussion forums, link directories, mailing lists and other types of databanks which the author created and whose content can be accessed and altered externally. Only the provider of the respective website may be liable for illegal, incorrect or incomplete content, and in particular for damages arising from the use or non-use of such information, not the person who only referred to the respective publication via links.<\/p>\r\n<h4>3. Copyright<\/h4>\r\n<p class=\"agb\">The author strives to observe the copyrights of images, audio and video content and texts in all publications, to use their own images, audio and video content and texts, or to resort to images, audio and video content and texts in the public domain.<\/p>\r\n<p class=\"agb\">All brands and trademarks mentioned within this website, and possibly protected by third parties, are unconditionally subject to the provisions of the respective trademark law and the property rights of the respective registered proprietor. Their mere mention does not mean that the trademark is not protected by the rights of third parties.<\/p>\r\n<p class=\"agb\">The author reserves the copyright for published objects created by the author. Duplication or use of such images, audio and video content and text in other electronic or printed publications without the explicit consent of the author are prohibited.<\/a>\r\n<h4>4. Data protection<\/h4>\r\n<p class=\"agb\">In as far as the website offers the option of entering personal or commercial data (email addresses, names, addresses), the sharing of this data is explicitly voluntary from the user\u2019s perspective. The use of and payment for all services provided is \u2013 as far as technically possible and reasonable \u2013 also permitted without entering such data or by using data rendered anonymous or a pseudonym. The use of contact details such as addresses, telephone and fax numbers as well as email addresses published within the site notice or similar context by third parties for sending information not explicitly requested is not permitted. Legal steps against the senders of so-called spam mail are reserved in the case of violations of this prohibition by law.<\/p>\r\n<h4>5. Validity of this disclaimer<\/h4>\r\n<p class=\"agb\">This disclaimer is to be considered as part of the website. If any sections or individual phrases of this text are not, no longer or not completely in accordance with the law, the rest of the document remains untouched in its content and validity.<\/p>\r\n<h4>6. Information concerning illustrations<\/h4>\r\n<p class=\"agb\">Unless otherwise specified, copyright for illustrations used in these pages is held by the proprietor of this website, and\/or its provider.<\/p>\r\n<h4>7. Google-Maps<\/h4>\r\n<p class=\"agb\">This website makes use of the online map service Google Maps, of Google Inc. By using this website you agree to the collection, processing and use of automatically generated data by Google Inc., its licensors and users. The Terms of Service of Google Maps can be found under the <a title=\"Nutzungsbedingungen der Google Maps auf der Google Homepage\" href=\"http:\/\/www.google.com\/intl\/de_de\/help\/terms_maps.html\">Disclaimer of Google Maps<\/a>.<\/p>\r\n<\/div>","protected":false},"excerpt":{"rendered":"PAN kunstforum niederrhein e.V. F\u00f6rderverein PAN kunstforum niederrhein e.V. Agnetenstra\u00dfe 2 GER &#8211; 46446 Emmerich am Rhein Telephone: Telefax: +49 (0) 28 22 &#8211; 53 701 &#8211; 10 +49 (0) 28 22 \u2013 53 701 \u2013 22 Email: URL: info@pan-forum.de www.pan-forum.de Registergericht: Registernumber: USt.-IdNr.: Amtsgericht Kleve 10 393 DE 206233840 Legal Representation Reimund Sluyterman v. [&hellip;]","protected":false},"author":2,"featured_media":0,"parent":0,"menu_order":9999,"comment_status":"closed","ping_status":"closed","template":"page-pflichtseiten.php","meta":[],"acf":[],"_links":{"self":[{"href":"https:\/\/pan-forum.de\/en\/wp-json\/wp\/v2\/pages\/4330"}],"collection":[{"href":"https:\/\/pan-forum.de\/en\/wp-json\/wp\/v2\/pages"}],"about":[{"href":"https:\/\/pan-forum.de\/en\/wp-json\/wp\/v2\/types\/page"}],"author":[{"embeddable":true,"href":"https:\/\/pan-forum.de\/en\/wp-json\/wp\/v2\/users\/2"}],"replies":[{"embeddable":true,"href":"https:\/\/pan-forum.de\/en\/wp-json\/wp\/v2\/comments?post=4330"}],"version-history":[{"count":0,"href":"https:\/\/pan-forum.de\/en\/wp-json\/wp\/v2\/pages\/4330\/revisions"}],"wp:attachment":[{"href":"https:\/\/pan-forum.de\/en\/wp-json\/wp\/v2\/media?parent=4330"}],"curies":[{"name":"wp","href":"https:\/\/api.w.org\/{rel}","templated":true}]}}