{"id":3735,"date":"2017-08-07T09:33:57","date_gmt":"2017-08-07T07:33:57","guid":{"rendered":"https:\/\/panforum.marketing-basmer.de\/sammlung\/"},"modified":"2017-10-02T11:53:30","modified_gmt":"2017-10-02T09:53:30","slug":"de-collectie","status":"publish","type":"page","link":"https:\/\/pan-forum.de\/nl\/de-collectie\/","title":{"rendered":"De collectie"},"content":{"rendered":"<h4>Geschiedenis<\/h4>\r\n<p>Pas na zijn dood viel Ernst M\u00fcller de eer te beurt die hij tijdens zijn leven nooit mocht ontvangen. Met de woorden: \u201cWij zijn je dankbaar, Ernst. Voor ons was je de ambassadeur van de posterkunst\u201c, sloot de Britse artiest Paul Pieter Piech in oktober 1993 zijn openingsrede bij de tentoonstelling \u201c25 Jahre Plakatmuseum am Niederrhein &#8211; In Memoriam Ernst M\u00fcller\u201c af. De tentoonstelling was een mijlpaal in de geschiedenis van het PAN. Vele van de internationaal bekende artiesten, zoals Klaus Staeck, Boris Bucan, H. Feliks B\u00fcttner, Michael Matthias Prechtel en Uwe Loesch, brachten een eerbetoon aan de overleden museumstichter.<\/p>\r\n<p>Aanvankelijk had Ernst M\u00fcller helemaal geen \u201ckunst\u201c op het oog. De pedagoog wou in 1968, als rector van de Emmerikse \u201cMartini-Grundschule\u201c, slechs zijn leerlingen het plezier van kunst bijbrengen. Hij plaatste in de overblijfruimte losstaande wanden waarop hij posters van dierentuinen, beurzen, posterijen en steden hing. Zo onstond het idee van het PAN.\r\nAl spoedig ontdekte Ernst M\u00fcller de artistieke waarde van het medium. In 1972 werd de eerste tentoonstelling, de \u201cKunstausstellung\u201c, geopend, met werk van Holger Matthies. In juli 2003 werd met de opening van het nieuwe PAN kunstforum een voorlopig hoogtepunt in de geschiedenis van het PAN bereikt.<\/p>\r\n<h4>Posteronderwerpen<\/h4>\r\n<p>De boodschap van een goede poster is in \u00e9\u00e9n oogopslag duidelijk. Een poster is het beste medium om de ogen van de kijker te openen. Het belangrijkste aspect wordt picturaal verbeeld en met de hulp van een kleine uitleg verklaard. Vooral in de grote, verwarrende beeldenovervloed van de postmoderne tijd is de poster van groot belang, omdat een poster alleen essentie verbeeldt. Of het nu kunst, theater, muziek, politiek of eender welk ander aspect van het menselijke leven betreft, het PAN beschikt met ongeveer 95.000 posters over een onuitputtelijke voorraad aan thema&#8217;s en werken &#8211; die allemaal toegankelijk zijn.<\/p>\r\n<p>Een goede poster heeft altijd een doelgericht effekt op de toeschouwer. Het is geen toeval dat de Isra\u00eblier David Tartakover posters gebruikte om de oppositiepolitiek tegen de toenmalige conservative premier Benjamin Nehanyahu te voeren. Ook Klaus Staeck legt steeds beeldend en provocerend zijn vinger op de maatschappelijke zere plek, omdat posters, zoals Uwe Loesch het formuleerde, vaak als \u201caanslagen op het rechthoekig vlak in het hoofd van de waarnemer\u201c werken.<\/p>\r\n<h4>Concept<\/h4>\r\n<p>Het PAN hgaat uit van een interdisciplinair concept, wat betekent dat de posterkunst alleen maar de basis, of het \u201cfond\u201c zoals Beuys zou zeggen, van de activiteiten van het museum is. Daarom zal het museum in de toekomst ook schilderkunst, beeldhouwkunst, installatiekunst, videokunst, nieuwe media, prformances, danstheater, enzovoort programmeren. Met het aanbieden van al deze verschillende genres wil het PAN nog niet gevestigde kunst en jonge kunstenaars onder de aandacht brengen. Het Pan ziet zichzelf ook als een forum voor innovatieve artistieke impulsen.<\/p>\r\n<p>De nadruk ligt hierbij op samenwerking met hogescholen en universiteiten en het streven een netwerk te bouwen met internationale artiesten.<\/p>\r\n<h4>Uitvoering<\/h4>\r\n<p>De Vereniging ter Bevordering van het PAN (F\u00f6rderverein des Plakatmuseums PAN) werd 1994 gesticht en heeft immiddels 185 leden, particulieren zowel als bedrijven. Haar doel is het museum volgens de eigen uitgangspunten te leiden en zijn belangen te bevorderen. De bijdrage van de stad Emmerich a.d. Rijn beperkt zich tot de financiering van het gebouw. Het PAN heeft het beheer van het postermuseum overgenomen en financiert de museale bedrijfsvoering.<\/p>\r\n<p>De stichting &#8220;PAN &#8211; Ernst M\u00fcller collectie&#8221; werd op 23 december 1999 door de districtregering van D\u00fcsseldorf goedgekeurd. De Stichting &#8220;PAN &#8211; Ernst M\u00fcller collectie&#8221; en PAN hebben beiden het doel om het museum te promoten. Dienovereenkomstdig draagt de stichting bij aan de bedrijfskosten van het museum.<\/p>\r\n","protected":false},"excerpt":{"rendered":"Geschiedenis Pas na zijn dood viel Ernst M\u00fcller de eer te beurt die hij tijdens zijn leven nooit mocht ontvangen. Met de woorden: \u201cWij zijn je dankbaar, Ernst. Voor ons was je de ambassadeur van de posterkunst\u201c, sloot de Britse artiest Paul Pieter Piech in oktober 1993 zijn openingsrede bij de tentoonstelling \u201c25 Jahre Plakatmuseum [&hellip;]","protected":false},"author":1,"featured_media":0,"parent":0,"menu_order":5000,"comment_status":"closed","ping_status":"closed","template":"page-hauptseiten.php","meta":[],"acf":[],"_links":{"self":[{"href":"https:\/\/pan-forum.de\/nl\/wp-json\/wp\/v2\/pages\/3735"}],"collection":[{"href":"https:\/\/pan-forum.de\/nl\/wp-json\/wp\/v2\/pages"}],"about":[{"href":"https:\/\/pan-forum.de\/nl\/wp-json\/wp\/v2\/types\/page"}],"author":[{"embeddable":true,"href":"https:\/\/pan-forum.de\/nl\/wp-json\/wp\/v2\/users\/1"}],"replies":[{"embeddable":true,"href":"https:\/\/pan-forum.de\/nl\/wp-json\/wp\/v2\/comments?post=3735"}],"version-history":[{"count":0,"href":"https:\/\/pan-forum.de\/nl\/wp-json\/wp\/v2\/pages\/3735\/revisions"}],"wp:attachment":[{"href":"https:\/\/pan-forum.de\/nl\/wp-json\/wp\/v2\/media?parent=3735"}],"curies":[{"name":"wp","href":"https:\/\/api.w.org\/{rel}","templated":true}]}}